{"id":67,"date":"2020-09-10T16:48:17","date_gmt":"2020-09-10T16:48:17","guid":{"rendered":"https:\/\/live-cafb.pantheonsite.io\/?page_id=67"},"modified":"2021-11-03T18:43:13","modified_gmt":"2021-11-03T18:43:13","slug":"crisis-response","status":"publish","type":"page","link":"https:\/\/www.cafoodbanks.org\/es\/what-we-do\/crisis-response\/","title":{"rendered":"Respuesta ante crisis"},"content":{"rendered":"<p>Lo que comenz\u00f3 como una crisis de salud se convirti\u00f3 r\u00e1pidamente en una crisis econ\u00f3mica y de hambre. Con las escuelas cerradas, los despidos en nuestras comunidades y todo el estado paralizado, los bancos de alimentos se encontraron respondiendo a una demanda sin precedentes. <\/p>\n\n\n\n<p>Mientras tanto, la disponibilidad de voluntarios se desplom\u00f3, los almacenes debieron reorganizarse, los protocolos de limpieza se actualizaron y se establecieron nuevas distribuciones. <\/p>\n\n\n\n<p>Al mismo tiempo, trabajamos las veinticuatro horas del d\u00eda para asegurarnos de que las necesidades de los bancos de alimentos se conocieran al m\u00e1s alto nivel y que nutrir a nuestras comunidades siguiera siendo una prioridad absoluta.<\/p>\n\n\n<style>\r\n\t#button-69f0fab804f35 .cta-button {\r\n\t\tcolor: #ffffff; border-color: #ffffff; background-color:#ffb223;\t}\r\n\t#button-69f0fab804f35 .cta-button:before, #button-69f0fab804f35 .cta-button:after {\r\n\t\tbackground-color: #ffb223; border-color: #ffb223;\t}\r\n\t#button-69f0fab804f35 .cta-button:hover {\r\n\t\tcolor: #ffb223; border-color: #ffb223; background-color:#ffffff;\t}\r\n<\/style>\r\n<div class=\"button-variant-1 aligncenter\" id=\"button-69f0fab804f35\">\r\n\t<a href='https:\/\/www.cafoodbanks.org\/es\/blog\/member-factsheet-2020\/' target='_blank'  class='cta-button'>Pandemic Response by the Numbers<\/a><\/div>\n\n\n<div class=\"wp-block-buttons is-layout-flex wp-block-buttons-is-layout-flex\"><\/div>\n\n\n\n<div style=\"height:100px\" aria-hidden=\"true\" class=\"wp-block-spacer\"><\/div>\n\n\n<div class=\"quote-block image-right alignwide\">\r\n    <div class=\"quote-block-inner\">\r\n        <div class=\"text\">\r\n            <div class=\"quote\">\r\n                <div class=\"content\">\r\n                    Estamos en medio de una crisis de hambre en toda regla.                    <div class=\"quotee\">Stacia Hill Levenfeld (2020)<\/div>\r\n                <\/div>\r\n            <\/div>\r\n        <\/div>\r\n        <div class=\"image\">\r\n            <img loading=\"lazy\" decoding=\"async\" width=\"1024\" height=\"683\" src=\"https:\/\/www.cafoodbanks.org\/wp-content\/uploads\/2020\/12\/OCFoodBank_5-1024x683.jpg\" class=\"attachment-large size-large\" alt=\"\" srcset=\"https:\/\/www.cafoodbanks.org\/wp-content\/uploads\/2020\/12\/OCFoodBank_5-1024x683.jpg 1024w, https:\/\/www.cafoodbanks.org\/wp-content\/uploads\/2020\/12\/OCFoodBank_5-300x200.jpg 300w, https:\/\/www.cafoodbanks.org\/wp-content\/uploads\/2020\/12\/OCFoodBank_5-768x512.jpg 768w, https:\/\/www.cafoodbanks.org\/wp-content\/uploads\/2020\/12\/OCFoodBank_5-1536x1024.jpg 1536w, https:\/\/www.cafoodbanks.org\/wp-content\/uploads\/2020\/12\/OCFoodBank_5-2048x1365.jpg 2048w, https:\/\/www.cafoodbanks.org\/wp-content\/uploads\/2020\/12\/OCFoodBank_5-16x12.jpg 16w\" sizes=\"auto, (max-width: 1024px) 100vw, 1024px\" \/>        <\/div>\r\n    <\/div>\r\n<\/div>\n\n\n<div style=\"height:63px\" aria-hidden=\"true\" class=\"wp-block-spacer\"><\/div>\n\n\n\n<p><strong>Mantener abastecidos los bancos de alimentos<\/strong><\/p>\n\n\n\n<p>Adem\u00e1s de los productos agr\u00edcolas frescos que entregamos cada mes, trabajamos con el Departamento de Servicios Sociales de California (CDSS) para suministrar a los bancos de alimentos, las organizaciones comunitarias y las tribus cajas de alimentos preempaquetadas y estables, incluso para las comunidades afectadas por los incendios forestales. en el verano y oto\u00f1o de 2020.<\/p>\n\n\n\n<p><strong>Influir en las pol\u00edticas que impactan el hambre<\/strong><\/p>\n\n\n\n<p>Al principio, trabajamos directamente con las oficinas del gobierno estatal para establecer claramente el papel de los bancos de alimentos como proveedores de alimentos esenciales. Hemos impulsado con \u00e9xito la flexibilidad en numerosos programas de nutrici\u00f3n y tambi\u00e9n hemos asesorado sobre la EBT pand\u00e9mica para apoyar a\u00fan m\u00e1s las necesidades alimentarias de las familias. Continuamos presionando al gobierno federal para que apruebe una legislaci\u00f3n que respalde las necesidades b\u00e1sicas financieras, de vivienda y de seguridad alimentaria, incluido un impulso 15% para los beneficios del Programa de Asistencia de Nutrici\u00f3n Suplementaria.<\/p>\n\n\n\n<p><strong>Asegurar fondos para los bancos de alimentos<\/strong><\/p>\n\n\n\n<p>Conseguimos $20M del estado para distribuir alimentos a nuestros miembros en las primeras semanas de la pandemia, y lo hemos conseguido tres veces durante los meses siguientes. Tambi\u00e9n hemos buscado subvenciones de socios filantr\u00f3picos para proporcionar recursos financieros donados de forma privada a nuestros bancos de alimentos miembros y participamos activamente en el marketing de causas.<\/p>\n\n\n\n<p><strong>Conectando personas con beneficios p\u00fablicos<\/strong><\/p>\n\n\n\n<p>Hemos apoyado a nuestros m\u00e1s de 50 socios de alcance para que pasen al chat en l\u00ednea, la asistencia telef\u00f3nica o formas alternativas de conectarse con los millones de personas reci\u00e9n elegibles para CalFresh. Trabajando con CDSS, abogamos con \u00e9xito para establecer la compra de comestibles en l\u00ednea para aliviar la carga de llegar a una tienda de comestibles, facilitar a las personas la solicitud para el programa y aumentar la cantidad general de beneficios que reciben las familias. <\/p>\n\n\n\n<p><strong>Desbloqueo del apoyo de la fuerza laboral<\/strong><\/p>\n\n\n\n<p>R\u00e1pidamente aseguramos el despliegue de la Guardia Nacional y otros activos estatales para apoyar los bancos de alimentos. Seguimos en estrecha comunicaci\u00f3n con los voluntarios de California para mantener la necesidad constante de apoyo a la fuerza laboral al frente y al centro, y tambi\u00e9n alentamos el voluntariado en los bancos de alimentos a trav\u00e9s de la iniciativa Californianos para Todos.<\/p>\n\n\n\n<div style=\"height:20px\" aria-hidden=\"true\" class=\"wp-block-spacer\"><\/div>\n\n\n<style>\r\n\t#button-69f0fab8073ea .cta-button {\r\n\t\tcolor: #ffffff; border-color: #ffffff; background-color:#006f45;\t}\r\n\t#button-69f0fab8073ea .cta-button:before, #button-69f0fab8073ea .cta-button:after {\r\n\t\tbackground-color: #006f45; border-color: #006f45;\t}\r\n\t#button-69f0fab8073ea .cta-button:hover {\r\n\t\tcolor: #006f45; border-color: #006f45; background-color:#ffffff;\t}\r\n<\/style>\r\n<div class=\"button-variant-1 aligncenter\" id=\"button-69f0fab8073ea\">\r\n\t<a href='\/es\/covid-19-resources\/' target=''  class='cta-button'>Recursos e informaci\u00f3n<\/a><\/div>\n\n\n<div style=\"height:60px\" aria-hidden=\"true\" class=\"wp-block-spacer\"><\/div>","protected":false},"excerpt":{"rendered":"<p>What started as a health crisis quickly became an economic and hunger crisis. With schools shuttered, layoffs rippling through our [&hellip;]<\/p>\n","protected":false},"author":1,"featured_media":0,"parent":51,"menu_order":0,"comment_status":"closed","ping_status":"closed","template":"","meta":{"_acf_changed":false,"_seopress_robots_primary_cat":"","_seopress_titles_title":"","_seopress_titles_desc":"","_seopress_robots_index":"","_searchwp_excluded":"","footnotes":""},"class_list":["post-67","page","type-page","status-publish","hentry"],"acf":[],"_links":{"self":[{"href":"https:\/\/www.cafoodbanks.org\/es\/wp-json\/wp\/v2\/pages\/67","targetHints":{"allow":["GET"]}}],"collection":[{"href":"https:\/\/www.cafoodbanks.org\/es\/wp-json\/wp\/v2\/pages"}],"about":[{"href":"https:\/\/www.cafoodbanks.org\/es\/wp-json\/wp\/v2\/types\/page"}],"author":[{"embeddable":true,"href":"https:\/\/www.cafoodbanks.org\/es\/wp-json\/wp\/v2\/users\/1"}],"replies":[{"embeddable":true,"href":"https:\/\/www.cafoodbanks.org\/es\/wp-json\/wp\/v2\/comments?post=67"}],"version-history":[{"count":24,"href":"https:\/\/www.cafoodbanks.org\/es\/wp-json\/wp\/v2\/pages\/67\/revisions"}],"predecessor-version":[{"id":22056,"href":"https:\/\/www.cafoodbanks.org\/es\/wp-json\/wp\/v2\/pages\/67\/revisions\/22056"}],"up":[{"embeddable":true,"href":"https:\/\/www.cafoodbanks.org\/es\/wp-json\/wp\/v2\/pages\/51"}],"wp:attachment":[{"href":"https:\/\/www.cafoodbanks.org\/es\/wp-json\/wp\/v2\/media?parent=67"}],"curies":[{"name":"wp","href":"https:\/\/api.w.org\/{rel}","templated":true}]}}