{"id":71,"date":"2020-09-10T16:48:30","date_gmt":"2020-09-10T16:48:30","guid":{"rendered":"https:\/\/live-cafb.pantheonsite.io\/?page_id=71"},"modified":"2026-03-13T17:49:59","modified_gmt":"2026-03-14T00:49:59","slug":"initiatives","status":"publish","type":"page","link":"https:\/\/www.cafoodbanks.org\/es\/what-we-do\/initiatives\/","title":{"rendered":"Iniciativas especiales"},"content":{"rendered":"<p>Estas son las iniciativas en las que estamos trabajando activamente. Anteriormente, hemos trabajado en iniciativas como educaci\u00f3n nutricional y acceso a alimentos para adultos mayores.<\/p>\n\n\n\n<div style=\"height:30px\" aria-hidden=\"true\" class=\"wp-block-spacer\"><\/div>\n\n\n<div class=\"wp-block-image\">\n<figure class=\"alignleft size-large is-resized\"><img loading=\"lazy\" decoding=\"async\" width=\"1024\" height=\"1024\" src=\"\/wp-content\/uploads\/2020\/12\/Special-initiatives-1024x1024.png\" alt=\"\" class=\"wp-image-4847\" style=\"width:100px;height:98px\" srcset=\"https:\/\/www.cafoodbanks.org\/wp-content\/uploads\/2020\/12\/Special-initiatives-1024x1024.png 1024w, https:\/\/www.cafoodbanks.org\/wp-content\/uploads\/2020\/12\/Special-initiatives-300x300.png 300w, https:\/\/www.cafoodbanks.org\/wp-content\/uploads\/2020\/12\/Special-initiatives-150x150.png 150w, https:\/\/www.cafoodbanks.org\/wp-content\/uploads\/2020\/12\/Special-initiatives-768x768.png 768w, https:\/\/www.cafoodbanks.org\/wp-content\/uploads\/2020\/12\/Special-initiatives-12x12.png 12w, https:\/\/www.cafoodbanks.org\/wp-content\/uploads\/2020\/12\/Special-initiatives.png 1080w\" sizes=\"auto, (max-width: 1024px) 100vw, 1024px\" \/><\/figure>\n<\/div>\n\n\n<div id=\"build-capacity\" class=\"wp-block-foursite-gutenberg-blocks-collapsible-block collapsible-content-block\"><h2 class=\"trigger label\">Fortalecimiento de la capacidad del banco de alimentos<\/h2><div class=\"description wrapper\">Ayudar a los miembros a ser m\u00e1s eficaces y mantenerse actualizados.<\/div><div class=\"content wrapper\">\n<p id=\"build-capacity\">We help our members become more effective and stay up-to-date by facilitating the sharing of promising practices among food banks through regional meetings, webinars, peer-to-peer discussion groups, newsletters, templates, toolkits, and conferences. Topics include food public policy, community outreach, communication, and fundraising.<\/p>\n<\/div><\/div>\n\n\n\n<div style=\"height:30px\" aria-hidden=\"true\" class=\"wp-block-spacer\"><\/div>\n\n\n<div class=\"wp-block-image\">\n<figure class=\"alignleft size-large is-resized\"><img loading=\"lazy\" decoding=\"async\" width=\"1024\" height=\"1024\" src=\"\/wp-content\/uploads\/2020\/12\/farmer-4-1024x1024.png\" alt=\"\" class=\"wp-image-4866\" style=\"width:86px;height:86px\" srcset=\"https:\/\/www.cafoodbanks.org\/wp-content\/uploads\/2020\/12\/farmer-4-1024x1024.png 1024w, https:\/\/www.cafoodbanks.org\/wp-content\/uploads\/2020\/12\/farmer-4-300x300.png 300w, https:\/\/www.cafoodbanks.org\/wp-content\/uploads\/2020\/12\/farmer-4-150x150.png 150w, https:\/\/www.cafoodbanks.org\/wp-content\/uploads\/2020\/12\/farmer-4-768x768.png 768w, https:\/\/www.cafoodbanks.org\/wp-content\/uploads\/2020\/12\/farmer-4-12x12.png 12w, https:\/\/www.cafoodbanks.org\/wp-content\/uploads\/2020\/12\/farmer-4.png 1080w\" sizes=\"auto, (max-width: 1024px) 100vw, 1024px\" \/><\/figure>\n<\/div>\n\n\n<div id=\"farm-workers\" class=\"wp-block-foursite-gutenberg-blocks-collapsible-block collapsible-content-block\"><h2 class=\"trigger label\">Alimentando a los trabajadores agr\u00edcolas<\/h2><div class=\"description wrapper\">Mejorar el acceso a los alimentos para los trabajadores agr\u00edcolas.<\/div><div class=\"content wrapper\">\n<p>California\u2019s farm workers feed the world yet the ironic truth is, the rates of hunger among our farm worker community are staggering. We have undertaken a special initiative, working in partnership with\u00a0food banks based in agricultural regions to create better access to food resources for our farm workers. As we work to better understand the needs of this community we are also working closely with other organizations who advocate on behalf of farmworkers and immigrant communities. <strong><a href=\"https:\/\/www.cafoodbanks.org\/wp-content\/uploads\/2021\/06\/FAFI-1-pager-ENGLISH-1.pdf\" target=\"_blank\" rel=\"noreferrer noopener\">Learn more about our Food Access for Farmworkers Initiative here<\/a><\/strong>. (Spanish version <a href=\"https:\/\/www.cafoodbanks.org\/wp-content\/uploads\/2021\/06\/FAFI-1-pager-ESPAN\u0303OL.pdf\" target=\"_blank\" rel=\"noreferrer noopener\"><strong>aqu\u00ed<\/strong><\/a>). This is not currently an active initiative.<\/p>\n<\/div><\/div>\n\n\n\n<div style=\"height:30px\" aria-hidden=\"true\" class=\"wp-block-spacer\"><\/div>\n\n\n<div class=\"wp-block-image\">\n<figure class=\"alignleft size-large is-resized\"><img loading=\"lazy\" decoding=\"async\" width=\"1024\" height=\"1024\" src=\"\/wp-content\/uploads\/2020\/12\/rural-remote-1-1024x1024.png\" alt=\"\" class=\"wp-image-4853\" style=\"width:90px;height:89px\" srcset=\"https:\/\/www.cafoodbanks.org\/wp-content\/uploads\/2020\/12\/rural-remote-1-1024x1024.png 1024w, https:\/\/www.cafoodbanks.org\/wp-content\/uploads\/2020\/12\/rural-remote-1-300x300.png 300w, https:\/\/www.cafoodbanks.org\/wp-content\/uploads\/2020\/12\/rural-remote-1-150x150.png 150w, https:\/\/www.cafoodbanks.org\/wp-content\/uploads\/2020\/12\/rural-remote-1-768x768.png 768w, https:\/\/www.cafoodbanks.org\/wp-content\/uploads\/2020\/12\/rural-remote-1-12x12.png 12w, https:\/\/www.cafoodbanks.org\/wp-content\/uploads\/2020\/12\/rural-remote-1.png 1080w\" sizes=\"auto, (max-width: 1024px) 100vw, 1024px\" \/><\/figure>\n<\/div>\n\n\n<div id=\"rural-remote\" class=\"wp-block-foursite-gutenberg-blocks-collapsible-block collapsible-content-block\"><h2 class=\"trigger label\">Apoyo a los bancos de alimentos rurales y remotos<\/h2><div class=\"description wrapper\">Los bancos de alimentos rurales y remotos de California enfrentan desaf\u00edos \u00fanicos.<\/div><div class=\"content wrapper\">\n<p>Los bancos de alimentos rurales y remotos de California enfrentan barreras resultantes de la baja densidad de poblaci\u00f3n junto con \u00e1reas geogr\u00e1ficas de servicio m\u00e1s grandes. Esta din\u00e1mica aumenta el costo de los alimentos, el personal y el transporte de los bancos de alimentos ubicados en estas regiones. Al mismo tiempo, el hambre en las comunidades rurales sigue aumentando.<\/p>\n\n\n\n<p>Trabajamos con bancos de alimentos rurales y remotos para:<\/p>\n\n\n\n<div class=\"wp-block-group\"><div class=\"wp-block-group__inner-container is-layout-flow wp-block-group-is-layout-flow\">\n<ul class=\"wp-block-list\">\n<li>Aumentar el suministro de alimentos disponibles para ellos creando cargas m\u00e1s peque\u00f1as y mixtas de alimentos.&nbsp;<\/li>\n\n\n\n<li>Apoyar nuevas formas de distribuir productos frescos a sus comunidades, como distribuciones de puerta trasera y despensas m\u00f3viles.<\/li>\n\n\n\n<li>Proporcionar consultas y recursos para la planificaci\u00f3n estrat\u00e9gica y la recaudaci\u00f3n de fondos.<\/li>\n\n\n\n<li>Brindar capacitaci\u00f3n y asistencia para fomentar la participaci\u00f3n en los programas de educaci\u00f3n nutricional y de alcance de CalFresh.<\/li>\n\n\n\n<li>Convocar reuniones y capacitaciones para facilitar la creaci\u00f3n de redes entre pares<\/li>\n<\/ul>\n<\/div><\/div>\n<\/div><\/div>\n\n\n\n<div style=\"height:30px\" aria-hidden=\"true\" class=\"wp-block-spacer\"><\/div>\n\n\n<div class=\"wp-block-image\">\n<figure class=\"alignleft size-large is-resized\"><img loading=\"lazy\" decoding=\"async\" width=\"768\" height=\"1024\" src=\"https:\/\/live-cafb.pantheonsite.io\/wp-content\/uploads\/2020\/12\/special-initiatives-1-1-768x1024.png\" alt=\"\" class=\"wp-image-5777\" style=\"width:82px;height:109px\" srcset=\"https:\/\/www.cafoodbanks.org\/wp-content\/uploads\/2020\/12\/special-initiatives-1-1-768x1024.png 768w, https:\/\/www.cafoodbanks.org\/wp-content\/uploads\/2020\/12\/special-initiatives-1-1-225x300.png 225w, https:\/\/www.cafoodbanks.org\/wp-content\/uploads\/2020\/12\/special-initiatives-1-1-1152x1536.png 1152w, https:\/\/www.cafoodbanks.org\/wp-content\/uploads\/2020\/12\/special-initiatives-1-1-1536x2048.png 1536w, https:\/\/www.cafoodbanks.org\/wp-content\/uploads\/2020\/12\/special-initiatives-1-1-9x12.png 9w, https:\/\/www.cafoodbanks.org\/wp-content\/uploads\/2020\/12\/special-initiatives-1-1.png 1728w\" sizes=\"auto, (max-width: 768px) 100vw, 768px\" \/><\/figure>\n<\/div>\n\n\n<div id=\"disasters\" class=\"wp-block-foursite-gutenberg-blocks-collapsible-block collapsible-content-block\"><h2 class=\"trigger label\">Preparaci\u00f3n y respuesta a desastres<\/h2><div class=\"description wrapper\">Los incendios forestales y los cortes de energ\u00eda se han convertido en la nueva normalidad en California.<\/div><div class=\"content wrapper\">\n<p>Cuando ocurre un desastre, los bancos de alimentos mantienen el flujo vital de alimentos en las comunidades de California para nutrirlas durante la crisis inicial y durante el largo proceso de reconstrucci\u00f3n. Trabajamos para ayudar a coordinar el apoyo a los bancos de alimentos afectados, proporcionar recursos alimentarios seg\u00fan sea necesario y crear conciencia sobre la informaci\u00f3n y los recursos disponibles, como <a href=\"\/es\/what-we-do\/calfresh-outreach\/#disaster-calfresh\">Desastre-CalFresh<\/a>.<\/p>\n\n\n\n<p>Estamos ayudando a los miembros a evaluar sus planes de resiliencia ante desastres y a colaborar con sus funcionarios locales y otras organizaciones sin fines de lucro para crear planes de distribuci\u00f3n de alimentos para desastres en el condado.<\/p>\n\n\n\n<p><a href=\"https:\/\/www.cafoodbanks.org\/es\/disaster-response\/\">Read more here<\/a>.<\/p>\n<\/div><\/div>\n\n\n\n<div style=\"height:100px\" aria-hidden=\"true\" class=\"wp-block-spacer\"><\/div>","protected":false},"excerpt":{"rendered":"<p>These are the initiatives that we are actively working on. Previously, we have worked on initiatives such as nutrition education [&hellip;]<\/p>\n","protected":false},"author":1,"featured_media":0,"parent":51,"menu_order":0,"comment_status":"closed","ping_status":"closed","template":"","meta":{"_acf_changed":false,"_seopress_robots_primary_cat":"","_seopress_titles_title":"","_seopress_titles_desc":"","_seopress_robots_index":"","_searchwp_excluded":"","footnotes":""},"class_list":["post-71","page","type-page","status-publish","hentry"],"acf":[],"_links":{"self":[{"href":"https:\/\/www.cafoodbanks.org\/es\/wp-json\/wp\/v2\/pages\/71","targetHints":{"allow":["GET"]}}],"collection":[{"href":"https:\/\/www.cafoodbanks.org\/es\/wp-json\/wp\/v2\/pages"}],"about":[{"href":"https:\/\/www.cafoodbanks.org\/es\/wp-json\/wp\/v2\/types\/page"}],"author":[{"embeddable":true,"href":"https:\/\/www.cafoodbanks.org\/es\/wp-json\/wp\/v2\/users\/1"}],"replies":[{"embeddable":true,"href":"https:\/\/www.cafoodbanks.org\/es\/wp-json\/wp\/v2\/comments?post=71"}],"version-history":[{"count":67,"href":"https:\/\/www.cafoodbanks.org\/es\/wp-json\/wp\/v2\/pages\/71\/revisions"}],"predecessor-version":[{"id":53101,"href":"https:\/\/www.cafoodbanks.org\/es\/wp-json\/wp\/v2\/pages\/71\/revisions\/53101"}],"up":[{"embeddable":true,"href":"https:\/\/www.cafoodbanks.org\/es\/wp-json\/wp\/v2\/pages\/51"}],"wp:attachment":[{"href":"https:\/\/www.cafoodbanks.org\/es\/wp-json\/wp\/v2\/media?parent=71"}],"curies":[{"name":"wp","href":"https:\/\/api.w.org\/{rel}","templated":true}]}}